{"id":1238,"date":"2023-01-09T13:18:25","date_gmt":"2023-01-09T12:18:25","guid":{"rendered":"https:\/\/entrenamientosilencioso.com\/?page_id=1238"},"modified":"2023-01-09T13:19:30","modified_gmt":"2023-01-09T12:19:30","slug":"terminos-condiciones","status":"publish","type":"page","link":"https:\/\/entrenamientosilencioso.com\/en\/terminos-condiciones\/","title":{"rendered":"T\u00e9rminos y Condiciones"},"content":{"rendered":"<div data-elementor-type=\"wp-page\" data-elementor-id=\"1238\" class=\"elementor elementor-1238\" data-elementor-post-type=\"page\">\n\t\t\t\t\t\t<section class=\"elementor-section elementor-top-section elementor-element elementor-element-1218f49 elementor-section-boxed elementor-section-height-default elementor-section-height-default\" data-id=\"1218f49\" data-element_type=\"section\" data-e-type=\"section\" data-settings=\"{&quot;background_background&quot;:&quot;classic&quot;}\">\n\t\t\t\t\t\t<div class=\"elementor-container elementor-column-gap-default\">\n\t\t\t\t\t<div class=\"elementor-column elementor-col-100 elementor-top-column elementor-element elementor-element-0f1094f\" data-id=\"0f1094f\" data-element_type=\"column\" data-e-type=\"column\">\n\t\t\t<div class=\"elementor-widget-wrap elementor-element-populated\">\n\t\t\t\t\t\t<div class=\"elementor-element elementor-element-291a0a7 elementor-invisible elementor-widget elementor-widget-image\" data-id=\"291a0a7\" data-element_type=\"widget\" data-e-type=\"widget\" data-settings=\"{&quot;_animation&quot;:&quot;bounceIn&quot;}\" data-widget_type=\"image.default\">\n\t\t\t\t<div class=\"elementor-widget-container\">\n\t\t\t\t\t\t\t\t\t\t\t\t\t\t\t<img decoding=\"async\" width=\"200\" height=\"193\" src=\"https:\/\/entrenamientosilencioso.com\/wp-content\/uploads\/2022\/08\/LOGO_SILENTFITNESS-VALENCIA_per-fondi-neri_200px.png\" class=\"attachment-large size-large wp-image-21\" alt=\"\" \/>\t\t\t\t\t\t\t\t\t\t\t\t\t\t\t<\/div>\n\t\t\t\t<\/div>\n\t\t\t\t<div class=\"elementor-element elementor-element-5b05f00 elementor-widget elementor-widget-heading\" data-id=\"5b05f00\" data-element_type=\"widget\" data-e-type=\"widget\" data-widget_type=\"heading.default\">\n\t\t\t\t<div class=\"elementor-widget-container\">\n\t\t\t\t\t<h2 class=\"elementor-heading-title elementor-size-default\">T\u00e9rminos y Condiciones.<\/h2>\t\t\t\t<\/div>\n\t\t\t\t<\/div>\n\t\t\t\t<div class=\"elementor-element elementor-element-4d015a9 elementor-widget elementor-widget-text-editor\" data-id=\"4d015a9\" data-element_type=\"widget\" data-e-type=\"widget\" data-widget_type=\"text-editor.default\">\n\t\t\t\t<div class=\"elementor-widget-container\">\n\t\t\t\t\t\t\t\t\t<div class=\"\" data-block=\"true\" data-editor=\"f14md\" data-offset-key=\"2jgvg-0-0\"><div class=\"public-DraftStyleDefault-block public-DraftStyleDefault-ltr\" data-offset-key=\"2jgvg-0-0\"><span data-offset-key=\"2jgvg-0-0\">Est\u00e1 permitida compra de entradas para ni\u00f1os mayores de 6 a\u00f1os bajo responsabilidad de su propio acompa\u00f1ante.<\/span><\/div><\/div><div class=\"\" data-block=\"true\" data-editor=\"f14md\" data-offset-key=\"e3dfs-0-0\"><div class=\"public-DraftStyleDefault-block public-DraftStyleDefault-ltr\" data-offset-key=\"e3dfs-0-0\"><span data-offset-key=\"e3dfs-0-0\">Confirmando la compra de cada entrada se certifica un estado de plena salud y no tener problemas que afecten la pr\u00e1ctica de actividades deportivas. Del estado de salud de los menores de edad se har\u00e1 responsable su acompa\u00f1ante.<\/span><\/div><\/div><div class=\"\" data-block=\"true\" data-editor=\"f14md\" data-offset-key=\"44iq7-0-0\"><div class=\"public-DraftStyleDefault-block public-DraftStyleDefault-ltr\" data-offset-key=\"44iq7-0-0\"><span data-offset-key=\"44iq7-0-0\">Si tiene un imprevisto y no puedes participar, cancele o reprograme su reserva cu\u00e1nto antes.<\/span><\/div><div class=\"public-DraftStyleDefault-block public-DraftStyleDefault-ltr\" data-offset-key=\"44iq7-0-0\"><span style=\"color: var( --e-global-color-text ); font-family: var( --e-global-typography-text-font-family ), Sans-serif; font-weight: var( --e-global-typography-text-font-weight ); background-color: var( --e-global-color-secondary ); font-size: var(--global--font-size-base);\">La reprogramaci\u00f3n o cancelaci\u00f3n de su reserva est\u00e1 permitida gratuitamente hasta 48 horas antes el horario de inicio del evento.\u00a0<\/span><\/div><div class=\"public-DraftStyleDefault-block public-DraftStyleDefault-ltr\" data-offset-key=\"44iq7-0-0\"><span data-offset-key=\"44iq7-0-0\">Acu\u00e9rdese de cancelar o reprogramar su reserva por tiempo, en caso contrario su reserva ser\u00e1 considerada efectiva por lo tanto perder\u00e1 su derecho a la devoluci\u00f3n del importe correspondiente.\u00a0<\/span><\/div><\/div>\t\t\t\t\t\t\t\t<\/div>\n\t\t\t\t<\/div>\n\t\t\t\t\t<\/div>\n\t\t<\/div>\n\t\t\t\t\t<\/div>\n\t\t<\/section>\n\t\t\t\t<section class=\"elementor-section elementor-top-section elementor-element elementor-element-a2c47a8 elementor-section-boxed elementor-section-height-default elementor-section-height-default\" data-id=\"a2c47a8\" data-element_type=\"section\" data-e-type=\"section\">\n\t\t\t\t\t\t<div class=\"elementor-container elementor-column-gap-default\">\n\t\t\t\t\t<div class=\"elementor-column elementor-col-100 elementor-top-column elementor-element elementor-element-3bd937c\" data-id=\"3bd937c\" data-element_type=\"column\" data-e-type=\"column\">\n\t\t\t<div class=\"elementor-widget-wrap\">\n\t\t\t\t\t\t\t<\/div>\n\t\t<\/div>\n\t\t\t\t\t<\/div>\n\t\t<\/section>\n\t\t\t\t<\/div>","protected":false},"excerpt":{"rendered":"<p>T\u00e9rminos y Condiciones. Est\u00e1 permitida compra de entradas para ni\u00f1os mayores de 6 a\u00f1os bajo responsabilidad de su propio acompa\u00f1ante.Confirmando la compra de cada entrada se certifica un estado de plena salud y no tener problemas que afecten la pr\u00e1ctica de actividades deportivas. Del estado de salud de los menores de edad se har\u00e1 responsable [&hellip;]<\/p>\n","protected":false},"author":1,"featured_media":0,"parent":0,"menu_order":99,"comment_status":"closed","ping_status":"closed","template":"elementor_canvas","meta":{"footnotes":""},"class_list":["post-1238","page","type-page","status-publish","hentry"],"yoast_head":"<!-- This site is optimized with the Yoast SEO plugin v27.4 - https:\/\/yoast.com\/product\/yoast-seo-wordpress\/ -->\n<title>T\u00e9rminos y Condiciones - Entrenamiento Silencioso<\/title>\n<meta name=\"robots\" content=\"index, follow, max-snippet:-1, max-image-preview:large, max-video-preview:-1\" \/>\n<link rel=\"canonical\" href=\"https:\/\/entrenamientosilencioso.com\/en\/terminos-condiciones\/\" \/>\n<meta property=\"og:locale\" content=\"en_GB\" \/>\n<meta property=\"og:type\" content=\"article\" \/>\n<meta property=\"og:title\" content=\"T\u00e9rminos y Condiciones - Entrenamiento Silencioso\" \/>\n<meta property=\"og:description\" content=\"T\u00e9rminos y Condiciones. Est\u00e1 permitida compra de entradas para ni\u00f1os mayores de 6 a\u00f1os bajo responsabilidad de su propio acompa\u00f1ante.Confirmando la compra de cada entrada se certifica un estado de plena salud y no tener problemas que afecten la pr\u00e1ctica de actividades deportivas. Del estado de salud de los menores de edad se har\u00e1 responsable [&hellip;]\" \/>\n<meta property=\"og:url\" content=\"https:\/\/entrenamientosilencioso.com\/en\/terminos-condiciones\/\" \/>\n<meta property=\"og:site_name\" content=\"Entrenamiento Silencioso\" \/>\n<meta property=\"article:modified_time\" content=\"2023-01-09T12:19:30+00:00\" \/>\n<meta property=\"og:image\" content=\"https:\/\/entrenamientosilencioso.com\/wp-content\/uploads\/2022\/08\/LOGO_SILENTFITNESS-VALENCIA_per-fondi-neri_200px.png\" \/>\n\t<meta property=\"og:image:width\" content=\"200\" \/>\n\t<meta property=\"og:image:height\" content=\"193\" \/>\n\t<meta property=\"og:image:type\" content=\"image\/png\" \/>\n<meta name=\"twitter:card\" content=\"summary_large_image\" \/>\n<meta name=\"twitter:label1\" content=\"Estimated reading time\" \/>\n\t<meta name=\"twitter:data1\" content=\"1 minute\" \/>\n<script type=\"application\/ld+json\" class=\"yoast-schema-graph\">{\"@context\":\"https:\\\/\\\/schema.org\",\"@graph\":[{\"@type\":\"WebPage\",\"@id\":\"https:\\\/\\\/entrenamientosilencioso.com\\\/terminos-condiciones\\\/\",\"url\":\"https:\\\/\\\/entrenamientosilencioso.com\\\/terminos-condiciones\\\/\",\"name\":\"T\u00e9rminos y Condiciones - Entrenamiento Silencioso\",\"isPartOf\":{\"@id\":\"https:\\\/\\\/entrenamientosilencioso.com\\\/#website\"},\"primaryImageOfPage\":{\"@id\":\"https:\\\/\\\/entrenamientosilencioso.com\\\/terminos-condiciones\\\/#primaryimage\"},\"image\":{\"@id\":\"https:\\\/\\\/entrenamientosilencioso.com\\\/terminos-condiciones\\\/#primaryimage\"},\"thumbnailUrl\":\"https:\\\/\\\/entrenamientosilencioso.com\\\/wp-content\\\/uploads\\\/2022\\\/08\\\/LOGO_SILENTFITNESS-VALENCIA_per-fondi-neri_200px.png\",\"datePublished\":\"2023-01-09T12:18:25+00:00\",\"dateModified\":\"2023-01-09T12:19:30+00:00\",\"breadcrumb\":{\"@id\":\"https:\\\/\\\/entrenamientosilencioso.com\\\/terminos-condiciones\\\/#breadcrumb\"},\"inLanguage\":\"en-GB\",\"potentialAction\":[{\"@type\":\"ReadAction\",\"target\":[\"https:\\\/\\\/entrenamientosilencioso.com\\\/terminos-condiciones\\\/\"]}]},{\"@type\":\"ImageObject\",\"inLanguage\":\"en-GB\",\"@id\":\"https:\\\/\\\/entrenamientosilencioso.com\\\/terminos-condiciones\\\/#primaryimage\",\"url\":\"https:\\\/\\\/entrenamientosilencioso.com\\\/wp-content\\\/uploads\\\/2022\\\/08\\\/LOGO_SILENTFITNESS-VALENCIA_per-fondi-neri_200px.png\",\"contentUrl\":\"https:\\\/\\\/entrenamientosilencioso.com\\\/wp-content\\\/uploads\\\/2022\\\/08\\\/LOGO_SILENTFITNESS-VALENCIA_per-fondi-neri_200px.png\"},{\"@type\":\"BreadcrumbList\",\"@id\":\"https:\\\/\\\/entrenamientosilencioso.com\\\/terminos-condiciones\\\/#breadcrumb\",\"itemListElement\":[{\"@type\":\"ListItem\",\"position\":1,\"name\":\"Portada\",\"item\":\"https:\\\/\\\/entrenamientosilencioso.com\\\/\"},{\"@type\":\"ListItem\",\"position\":2,\"name\":\"T\u00e9rminos y Condiciones\"}]},{\"@type\":\"WebSite\",\"@id\":\"https:\\\/\\\/entrenamientosilencioso.com\\\/#website\",\"url\":\"https:\\\/\\\/entrenamientosilencioso.com\\\/\",\"name\":\"Entrenamiento Silencioso\",\"description\":\"Entrena en tu ciudad Valencia.\",\"publisher\":{\"@id\":\"https:\\\/\\\/entrenamientosilencioso.com\\\/#organization\"},\"potentialAction\":[{\"@type\":\"SearchAction\",\"target\":{\"@type\":\"EntryPoint\",\"urlTemplate\":\"https:\\\/\\\/entrenamientosilencioso.com\\\/?s={search_term_string}\"},\"query-input\":{\"@type\":\"PropertyValueSpecification\",\"valueRequired\":true,\"valueName\":\"search_term_string\"}}],\"inLanguage\":\"en-GB\"},{\"@type\":\"Organization\",\"@id\":\"https:\\\/\\\/entrenamientosilencioso.com\\\/#organization\",\"name\":\"Entrenamiento Silencioso\",\"url\":\"https:\\\/\\\/entrenamientosilencioso.com\\\/\",\"logo\":{\"@type\":\"ImageObject\",\"inLanguage\":\"en-GB\",\"@id\":\"https:\\\/\\\/entrenamientosilencioso.com\\\/#\\\/schema\\\/logo\\\/image\\\/\",\"url\":\"https:\\\/\\\/entrenamientosilencioso.com\\\/wp-content\\\/uploads\\\/2022\\\/08\\\/sx-809-silentsystem-cascos.webp\",\"contentUrl\":\"https:\\\/\\\/entrenamientosilencioso.com\\\/wp-content\\\/uploads\\\/2022\\\/08\\\/sx-809-silentsystem-cascos.webp\",\"width\":700,\"height\":560,\"caption\":\"Entrenamiento Silencioso\"},\"image\":{\"@id\":\"https:\\\/\\\/entrenamientosilencioso.com\\\/#\\\/schema\\\/logo\\\/image\\\/\"}}]}<\/script>\n<!-- \/ Yoast SEO plugin. -->","yoast_head_json":{"title":"T\u00e9rminos y Condiciones - Entrenamiento Silencioso","robots":{"index":"index","follow":"follow","max-snippet":"max-snippet:-1","max-image-preview":"max-image-preview:large","max-video-preview":"max-video-preview:-1"},"canonical":"https:\/\/entrenamientosilencioso.com\/en\/terminos-condiciones\/","og_locale":"en_GB","og_type":"article","og_title":"T\u00e9rminos y Condiciones - Entrenamiento Silencioso","og_description":"T\u00e9rminos y Condiciones. Est\u00e1 permitida compra de entradas para ni\u00f1os mayores de 6 a\u00f1os bajo responsabilidad de su propio acompa\u00f1ante.Confirmando la compra de cada entrada se certifica un estado de plena salud y no tener problemas que afecten la pr\u00e1ctica de actividades deportivas. Del estado de salud de los menores de edad se har\u00e1 responsable [&hellip;]","og_url":"https:\/\/entrenamientosilencioso.com\/en\/terminos-condiciones\/","og_site_name":"Entrenamiento Silencioso","article_modified_time":"2023-01-09T12:19:30+00:00","og_image":[{"width":200,"height":193,"url":"https:\/\/entrenamientosilencioso.com\/wp-content\/uploads\/2022\/08\/LOGO_SILENTFITNESS-VALENCIA_per-fondi-neri_200px.png","type":"image\/png"}],"twitter_card":"summary_large_image","twitter_misc":{"Estimated reading time":"1 minute"},"schema":{"@context":"https:\/\/schema.org","@graph":[{"@type":"WebPage","@id":"https:\/\/entrenamientosilencioso.com\/terminos-condiciones\/","url":"https:\/\/entrenamientosilencioso.com\/terminos-condiciones\/","name":"T\u00e9rminos y Condiciones - Entrenamiento Silencioso","isPartOf":{"@id":"https:\/\/entrenamientosilencioso.com\/#website"},"primaryImageOfPage":{"@id":"https:\/\/entrenamientosilencioso.com\/terminos-condiciones\/#primaryimage"},"image":{"@id":"https:\/\/entrenamientosilencioso.com\/terminos-condiciones\/#primaryimage"},"thumbnailUrl":"https:\/\/entrenamientosilencioso.com\/wp-content\/uploads\/2022\/08\/LOGO_SILENTFITNESS-VALENCIA_per-fondi-neri_200px.png","datePublished":"2023-01-09T12:18:25+00:00","dateModified":"2023-01-09T12:19:30+00:00","breadcrumb":{"@id":"https:\/\/entrenamientosilencioso.com\/terminos-condiciones\/#breadcrumb"},"inLanguage":"en-GB","potentialAction":[{"@type":"ReadAction","target":["https:\/\/entrenamientosilencioso.com\/terminos-condiciones\/"]}]},{"@type":"ImageObject","inLanguage":"en-GB","@id":"https:\/\/entrenamientosilencioso.com\/terminos-condiciones\/#primaryimage","url":"https:\/\/entrenamientosilencioso.com\/wp-content\/uploads\/2022\/08\/LOGO_SILENTFITNESS-VALENCIA_per-fondi-neri_200px.png","contentUrl":"https:\/\/entrenamientosilencioso.com\/wp-content\/uploads\/2022\/08\/LOGO_SILENTFITNESS-VALENCIA_per-fondi-neri_200px.png"},{"@type":"BreadcrumbList","@id":"https:\/\/entrenamientosilencioso.com\/terminos-condiciones\/#breadcrumb","itemListElement":[{"@type":"ListItem","position":1,"name":"Portada","item":"https:\/\/entrenamientosilencioso.com\/"},{"@type":"ListItem","position":2,"name":"T\u00e9rminos y Condiciones"}]},{"@type":"WebSite","@id":"https:\/\/entrenamientosilencioso.com\/#website","url":"https:\/\/entrenamientosilencioso.com\/","name":"Entrenamiento Silencioso","description":"Entrena en tu ciudad Valencia.","publisher":{"@id":"https:\/\/entrenamientosilencioso.com\/#organization"},"potentialAction":[{"@type":"SearchAction","target":{"@type":"EntryPoint","urlTemplate":"https:\/\/entrenamientosilencioso.com\/?s={search_term_string}"},"query-input":{"@type":"PropertyValueSpecification","valueRequired":true,"valueName":"search_term_string"}}],"inLanguage":"en-GB"},{"@type":"Organization","@id":"https:\/\/entrenamientosilencioso.com\/#organization","name":"Entrenamiento Silencioso","url":"https:\/\/entrenamientosilencioso.com\/","logo":{"@type":"ImageObject","inLanguage":"en-GB","@id":"https:\/\/entrenamientosilencioso.com\/#\/schema\/logo\/image\/","url":"https:\/\/entrenamientosilencioso.com\/wp-content\/uploads\/2022\/08\/sx-809-silentsystem-cascos.webp","contentUrl":"https:\/\/entrenamientosilencioso.com\/wp-content\/uploads\/2022\/08\/sx-809-silentsystem-cascos.webp","width":700,"height":560,"caption":"Entrenamiento Silencioso"},"image":{"@id":"https:\/\/entrenamientosilencioso.com\/#\/schema\/logo\/image\/"}}]}},"_links":{"self":[{"href":"https:\/\/entrenamientosilencioso.com\/en\/wp-json\/wp\/v2\/pages\/1238","targetHints":{"allow":["GET"]}}],"collection":[{"href":"https:\/\/entrenamientosilencioso.com\/en\/wp-json\/wp\/v2\/pages"}],"about":[{"href":"https:\/\/entrenamientosilencioso.com\/en\/wp-json\/wp\/v2\/types\/page"}],"author":[{"embeddable":true,"href":"https:\/\/entrenamientosilencioso.com\/en\/wp-json\/wp\/v2\/users\/1"}],"replies":[{"embeddable":true,"href":"https:\/\/entrenamientosilencioso.com\/en\/wp-json\/wp\/v2\/comments?post=1238"}],"version-history":[{"count":4,"href":"https:\/\/entrenamientosilencioso.com\/en\/wp-json\/wp\/v2\/pages\/1238\/revisions"}],"predecessor-version":[{"id":1242,"href":"https:\/\/entrenamientosilencioso.com\/en\/wp-json\/wp\/v2\/pages\/1238\/revisions\/1242"}],"wp:attachment":[{"href":"https:\/\/entrenamientosilencioso.com\/en\/wp-json\/wp\/v2\/media?parent=1238"}],"curies":[{"name":"wp","href":"https:\/\/api.w.org\/{rel}","templated":true}]}}